{"id":7,"date":"2023-10-09T17:47:43","date_gmt":"2023-10-09T17:47:43","guid":{"rendered":"https:\/\/webvision360.com.br\/bombainsta\/?page_id=7"},"modified":"2026-01-25T01:48:22","modified_gmt":"2026-01-25T01:48:22","slug":"bomba-insta","status":"publish","type":"page","link":"https:\/\/webvision360.com.br\/bombainsta\/","title":{"rendered":"Bomba Insta"},"content":{"rendered":"\t\t<div data-elementor-type=\"wp-post\" data-elementor-id=\"7\" class=\"elementor elementor-7\" data-elementor-settings=\"{&quot;ha_cmc_init_switcher&quot;:&quot;no&quot;}\">\n\t\t\t\t<div class=\"elementor-element elementor-element-3533df0 e-flex e-con-boxed e-con e-parent\" data-id=\"3533df0\" data-element_type=\"container\" data-e-type=\"container\" data-settings=\"{&quot;background_background&quot;:&quot;classic&quot;}\">\n\t\t\t\t\t<div class=\"e-con-inner\">\n\t\t<div class=\"elementor-element elementor-element-b08f9ee e-con-full e-flex e-con e-child\" data-id=\"b08f9ee\" data-element_type=\"container\" data-e-type=\"container\">\n\t\t\t\t<div class=\"elementor-element elementor-element-8246697 elementor-widget elementor-widget-image\" data-id=\"8246697\" data-element_type=\"widget\" data-e-type=\"widget\" data-widget_type=\"image.default\">\n\t\t\t\t<div class=\"elementor-widget-container\">\n\t\t\t\t\t\t\t\t\t\t\t\t\t\t\t<img fetchpriority=\"high\" decoding=\"async\" width=\"500\" height=\"178\" src=\"https:\/\/webvision360.com.br\/bombainsta\/wp-content\/uploads\/2023\/10\/BombaInsta.png\" class=\"attachment-large size-large wp-image-85\" alt=\"\" srcset=\"https:\/\/webvision360.com.br\/bombainsta\/wp-content\/uploads\/2023\/10\/BombaInsta.png 500w, https:\/\/webvision360.com.br\/bombainsta\/wp-content\/uploads\/2023\/10\/BombaInsta-300x107.png 300w\" sizes=\"(max-width: 500px) 100vw, 500px\" \/>\t\t\t\t\t\t\t\t\t\t\t\t\t\t\t<\/div>\n\t\t\t\t<\/div>\n\t\t\t\t<div class=\"elementor-element elementor-element-dad833f elementor-widget elementor-widget-image\" data-id=\"dad833f\" data-element_type=\"widget\" data-e-type=\"widget\" data-widget_type=\"image.default\">\n\t\t\t\t<div class=\"elementor-widget-container\">\n\t\t\t\t\t\t\t\t\t\t\t\t\t\t\t<img decoding=\"async\" width=\"500\" height=\"153\" src=\"https:\/\/webvision360.com.br\/bombainsta\/wp-content\/uploads\/2023\/10\/texto1.png\" class=\"attachment-medium_large size-medium_large wp-image-60\" alt=\"\" srcset=\"https:\/\/webvision360.com.br\/bombainsta\/wp-content\/uploads\/2023\/10\/texto1.png 500w, https:\/\/webvision360.com.br\/bombainsta\/wp-content\/uploads\/2023\/10\/texto1-300x92.png 300w\" sizes=\"(max-width: 500px) 100vw, 500px\" \/>\t\t\t\t\t\t\t\t\t\t\t\t\t\t\t<\/div>\n\t\t\t\t<\/div>\n\t\t\t\t<div class=\"elementor-element elementor-element-a3696a9 elementor-widget elementor-widget-text-editor\" data-id=\"a3696a9\" data-element_type=\"widget\" data-e-type=\"widget\" data-widget_type=\"text-editor.default\">\n\t\t\t\t<div class=\"elementor-widget-container\">\n\t\t\t\t\t\t\t\t\t<p>Lorem ipsum dolor sit amet, consectetur adipiscing elit. <br \/>Ut elit tellus, luctus nec ullamcorper mattis, pulvinar dapibus leo.<\/p>\t\t\t\t\t\t\t\t<\/div>\n\t\t\t\t<\/div>\n\t\t\t\t<div class=\"elementor-element elementor-element-3dd13a6 elementor-mobile-align-center elementor-widget-mobile__width-initial elementor-widget elementor-widget-button\" data-id=\"3dd13a6\" data-element_type=\"widget\" data-e-type=\"widget\" data-widget_type=\"button.default\">\n\t\t\t\t<div class=\"elementor-widget-container\">\n\t\t\t\t\t\t\t\t\t<div class=\"elementor-button-wrapper\">\n\t\t\t\t\t<a class=\"elementor-button elementor-button-link elementor-size-sm\" href=\"#\">\n\t\t\t\t\t\t<span class=\"elementor-button-content-wrapper\">\n\t\t\t\t\t\t\t\t\t<span class=\"elementor-button-text\">ME INSCREVER<\/span>\n\t\t\t\t\t<\/span>\n\t\t\t\t\t<\/a>\n\t\t\t\t<\/div>\n\t\t\t\t\t\t\t\t<\/div>\n\t\t\t\t<\/div>\n\t\t\t\t<\/div>\n\t\t\t\t\t<\/div>\n\t\t\t\t<\/div>\n\t\t<div class=\"elementor-element elementor-element-68ab324 e-flex e-con-boxed e-con e-parent\" data-id=\"68ab324\" data-element_type=\"container\" data-e-type=\"container\" data-settings=\"{&quot;background_background&quot;:&quot;gradient&quot;}\">\n\t\t\t\t\t<div class=\"e-con-inner\">\n\t\t<div class=\"elementor-element elementor-element-63b4df2 e-flex e-con-boxed e-con e-child\" data-id=\"63b4df2\" data-element_type=\"container\" data-e-type=\"container\">\n\t\t\t\t\t<div class=\"e-con-inner\">\n\t\t\t\t<div class=\"elementor-element elementor-element-e6988a2 elementor-widget elementor-widget-heading\" data-id=\"e6988a2\" data-element_type=\"widget\" data-e-type=\"widget\" data-widget_type=\"heading.default\">\n\t\t\t\t<div class=\"elementor-widget-container\">\n\t\t\t\t\t<h2 class=\"elementor-heading-title elementor-size-default\">Veja o que voc\u00ea vai aprender:<\/h2>\t\t\t\t<\/div>\n\t\t\t\t<\/div>\n\t\t\t\t\t<\/div>\n\t\t\t\t<\/div>\n\t\t<div class=\"elementor-element elementor-element-fdea793 e-grid e-con-boxed e-con e-child\" data-id=\"fdea793\" data-element_type=\"container\" data-e-type=\"container\">\n\t\t\t\t\t<div class=\"e-con-inner\">\n\t\t\t\t<div class=\"elementor-element elementor-element-7d49efa ha-card--top ha-card--tablet-top ha-card--mobile-top elementor-widget elementor-widget-ha-card happy-addon ha-card\" data-id=\"7d49efa\" data-element_type=\"widget\" data-e-type=\"widget\" data-widget_type=\"ha-card.default\">\n\t\t\t\t<div class=\"elementor-widget-container\">\n\t\t\t\t\t\n\t\t\t\t\t<figure class=\"ha-card-figure\">\n\t\t\t\t<img decoding=\"async\" width=\"300\" height=\"300\" src=\"https:\/\/webvision360.com.br\/bombainsta\/wp-content\/uploads\/2023\/10\/profiles-300x300.png\" class=\"attachment-medium size-medium wp-image-65\" alt=\"\" srcset=\"https:\/\/webvision360.com.br\/bombainsta\/wp-content\/uploads\/2023\/10\/profiles-300x300.png 300w, https:\/\/webvision360.com.br\/bombainsta\/wp-content\/uploads\/2023\/10\/profiles-150x150.png 150w, https:\/\/webvision360.com.br\/bombainsta\/wp-content\/uploads\/2023\/10\/profiles.png 512w\" sizes=\"(max-width: 300px) 100vw, 300px\" \/>\t\t\t\t\t\t\t<\/figure>\n\t\t\n\t\t<div class=\"ha-card-body\">\n\n\t\t\t<h2 class=\"ha-card-title\">Como criar um perfil de sucesso no instagram <\/h2>\n\t\t\t\t\t\t\t<div class=\"ha-card-text\">\n\t\t\t\t\t<p>Lorem ipsum dolor sit amet, consectetur adipiscing elit. Proin a dolor id mauris vehicula tincidunt. Integer vel pellentesque felis, id bibendum ligula.<\/p>\n\t\t\t\t<\/div>\n\t\t\t\n\t\t\t<a class=\"ha-btn\" href=\"#\"><span class=\"ha-btn-text\">COME\u00c7AR AGORA<\/span><\/a>\t\t<\/div>\n\t\t\t\t\t\t<\/div>\n\t\t\t\t<\/div>\n\t\t\t\t<div class=\"elementor-element elementor-element-a91306e ha-card--top ha-card--tablet-top ha-card--mobile-top elementor-widget elementor-widget-ha-card happy-addon ha-card\" data-id=\"a91306e\" data-element_type=\"widget\" data-e-type=\"widget\" data-widget_type=\"ha-card.default\">\n\t\t\t\t<div class=\"elementor-widget-container\">\n\t\t\t\t\t\n\t\t\t\t\t<figure class=\"ha-card-figure\">\n\t\t\t\t<img loading=\"lazy\" decoding=\"async\" width=\"300\" height=\"300\" src=\"https:\/\/webvision360.com.br\/bombainsta\/wp-content\/uploads\/2023\/10\/queimar-300x300.png\" class=\"attachment-medium size-medium wp-image-66\" alt=\"\" srcset=\"https:\/\/webvision360.com.br\/bombainsta\/wp-content\/uploads\/2023\/10\/queimar-300x300.png 300w, https:\/\/webvision360.com.br\/bombainsta\/wp-content\/uploads\/2023\/10\/queimar-150x150.png 150w, https:\/\/webvision360.com.br\/bombainsta\/wp-content\/uploads\/2023\/10\/queimar.png 512w\" sizes=\"(max-width: 300px) 100vw, 300px\" \/>\t\t\t\t\t\t\t<\/figure>\n\t\t\n\t\t<div class=\"ha-card-body\">\n\n\t\t\t<h2 class=\"ha-card-title\">conte\u00fado que conecta e engaje de verdade<\/h2>\n\t\t\t\t\t\t\t<div class=\"ha-card-text\">\n\t\t\t\t\t<p>Lorem ipsum dolor sit amet, consectetur adipiscing elit. Proin a dolor id mauris vehicula tincidunt. Integer vel pellentesque felis, id bibendum ligula.<\/p>\n\t\t\t\t<\/div>\n\t\t\t\n\t\t\t<a class=\"ha-btn\" href=\"#\"><span class=\"ha-btn-text\">COME\u00c7AR AGORA<\/span><\/a>\t\t<\/div>\n\t\t\t\t\t\t<\/div>\n\t\t\t\t<\/div>\n\t\t\t\t<div class=\"elementor-element elementor-element-9b1ed57 ha-card--top ha-card--tablet-top ha-card--mobile-top elementor-widget elementor-widget-ha-card happy-addon ha-card\" data-id=\"9b1ed57\" data-element_type=\"widget\" data-e-type=\"widget\" data-widget_type=\"ha-card.default\">\n\t\t\t\t<div class=\"elementor-widget-container\">\n\t\t\t\t\t\n\t\t\t\t\t<figure class=\"ha-card-figure\">\n\t\t\t\t<img loading=\"lazy\" decoding=\"async\" width=\"300\" height=\"300\" src=\"https:\/\/webvision360.com.br\/bombainsta\/wp-content\/uploads\/2023\/10\/bolsa-de-dinheiro-300x300.png\" class=\"attachment-medium size-medium wp-image-67\" alt=\"\" srcset=\"https:\/\/webvision360.com.br\/bombainsta\/wp-content\/uploads\/2023\/10\/bolsa-de-dinheiro-300x300.png 300w, https:\/\/webvision360.com.br\/bombainsta\/wp-content\/uploads\/2023\/10\/bolsa-de-dinheiro-150x150.png 150w, https:\/\/webvision360.com.br\/bombainsta\/wp-content\/uploads\/2023\/10\/bolsa-de-dinheiro.png 512w\" sizes=\"(max-width: 300px) 100vw, 300px\" \/>\t\t\t\t\t\t\t<\/figure>\n\t\t\n\t\t<div class=\"ha-card-body\">\n\n\t\t\t<h2 class=\"ha-card-title\">transformando seguidores em clientes reais <\/h2>\n\t\t\t\t\t\t\t<div class=\"ha-card-text\">\n\t\t\t\t\t<p>Lorem ipsum dolor sit amet, consectetur adipiscing elit. Proin a dolor id mauris vehicula tincidunt. Integer vel pellentesque felis, id bibendum ligula.<\/p>\n\t\t\t\t<\/div>\n\t\t\t\n\t\t\t<a class=\"ha-btn\" href=\"#\"><span class=\"ha-btn-text\">COME\u00c7AR AGORA<\/span><\/a>\t\t<\/div>\n\t\t\t\t\t\t<\/div>\n\t\t\t\t<\/div>\n\t\t\t\t\t<\/div>\n\t\t\t\t<\/div>\n\t\t\t\t\t<\/div>\n\t\t\t\t<\/div>\n\t\t<div class=\"elementor-element elementor-element-18de93e e-flex e-con-boxed e-con e-parent\" data-id=\"18de93e\" data-element_type=\"container\" data-e-type=\"container\" data-settings=\"{&quot;background_background&quot;:&quot;gradient&quot;}\">\n\t\t\t\t\t<div class=\"e-con-inner\">\n\t\t\t\t<div class=\"elementor-element elementor-element-8b843e3 elementor-widget elementor-widget-text-editor\" data-id=\"8b843e3\" data-element_type=\"widget\" data-e-type=\"widget\" data-widget_type=\"text-editor.default\">\n\t\t\t\t<div class=\"elementor-widget-container\">\n\t\t\t\t\t\t\t\t\t<p>Garanta sua vaga agora, domine o\u00a0<br \/>Instagram\u00a0 e impulsione suas vendas!<\/p>\t\t\t\t\t\t\t\t<\/div>\n\t\t\t\t<\/div>\n\t\t\t\t<div class=\"elementor-element elementor-element-7c512ee elementor-align-center elementor-widget elementor-widget-button\" data-id=\"7c512ee\" data-element_type=\"widget\" data-e-type=\"widget\" data-widget_type=\"button.default\">\n\t\t\t\t<div class=\"elementor-widget-container\">\n\t\t\t\t\t\t\t\t\t<div class=\"elementor-button-wrapper\">\n\t\t\t\t\t<a class=\"elementor-button elementor-button-link elementor-size-sm\" href=\"#\">\n\t\t\t\t\t\t<span class=\"elementor-button-content-wrapper\">\n\t\t\t\t\t\t\t\t\t<span class=\"elementor-button-text\">Quero dominar o instagram agora!<\/span>\n\t\t\t\t\t<\/span>\n\t\t\t\t\t<\/a>\n\t\t\t\t<\/div>\n\t\t\t\t\t\t\t\t<\/div>\n\t\t\t\t<\/div>\n\t\t\t\t\t<\/div>\n\t\t\t\t<\/div>\n\t\t<div class=\"elementor-element elementor-element-49aa855 e-con-full e-flex e-con e-parent\" data-id=\"49aa855\" data-element_type=\"container\" data-e-type=\"container\" data-settings=\"{&quot;background_background&quot;:&quot;classic&quot;}\">\n\t\t<div class=\"elementor-element elementor-element-307cd6a e-con-full e-flex e-con e-child\" data-id=\"307cd6a\" data-element_type=\"container\" data-e-type=\"container\">\n\t\t\t\t<div class=\"elementor-element elementor-element-7d7d6ef elementor-widget elementor-widget-heading\" data-id=\"7d7d6ef\" data-element_type=\"widget\" data-e-type=\"widget\" data-widget_type=\"heading.default\">\n\t\t\t\t<div class=\"elementor-widget-container\">\n\t\t\t\t\t<h2 class=\"elementor-heading-title elementor-size-default\">Quem te ensinar\u00e1<\/h2>\t\t\t\t<\/div>\n\t\t\t\t<\/div>\n\t\t\t\t<div class=\"elementor-element elementor-element-4123488 elementor-widget__width-initial elementor-widget-mobile__width-initial elementor-widget elementor-widget-text-editor\" data-id=\"4123488\" data-element_type=\"widget\" data-e-type=\"widget\" data-widget_type=\"text-editor.default\">\n\t\t\t\t<div class=\"elementor-widget-container\">\n\t\t\t\t\t\t\t\t\t<p>Lucas \u00e9 um vision\u00e1rio digital, estrategista de m\u00eddias sociais e fot\u00f3grafo talentoso. Ele conquistou seu espa\u00e7o no mundo competitivo do Instagram com sua abordagem \u00fanica e paix\u00e3o inigual\u00e1vel. Com anos de experi\u00eancia no gerenciamento de contas influentes e na cria\u00e7\u00e3o de conte\u00fado envolvente, ele se tornou uma refer\u00eancia no universo das redes sociais.<\/p><p>Deixe Lucas Rocha guiar voc\u00ea na jornada do sucesso no Instagram. Seja bem-vindo ao emocionante mundo das redes sociais com um verdadeiro especialista<\/p>\t\t\t\t\t\t\t\t<\/div>\n\t\t\t\t<\/div>\n\t\t\t\t<div class=\"elementor-element elementor-element-35317c5 elementor-align-center elementor-widget__width-initial elementor-widget elementor-widget-button\" data-id=\"35317c5\" data-element_type=\"widget\" data-e-type=\"widget\" data-widget_type=\"button.default\">\n\t\t\t\t<div class=\"elementor-widget-container\">\n\t\t\t\t\t\t\t\t\t<div class=\"elementor-button-wrapper\">\n\t\t\t\t\t<a class=\"elementor-button elementor-button-link elementor-size-sm\" href=\"#\">\n\t\t\t\t\t\t<span class=\"elementor-button-content-wrapper\">\n\t\t\t\t\t\t\t\t\t<span class=\"elementor-button-text\">QUERO DOMINAR O INSTAGRAM AGORA!<\/span>\n\t\t\t\t\t<\/span>\n\t\t\t\t\t<\/a>\n\t\t\t\t<\/div>\n\t\t\t\t\t\t\t\t<\/div>\n\t\t\t\t<\/div>\n\t\t\t\t<\/div>\n\t\t\t\t<\/div>\n\t\t<div class=\"elementor-element elementor-element-406ebc1 e-flex e-con-boxed e-con e-parent\" data-id=\"406ebc1\" data-element_type=\"container\" data-e-type=\"container\" data-settings=\"{&quot;background_background&quot;:&quot;gradient&quot;}\">\n\t\t\t\t\t<div class=\"e-con-inner\">\n\t\t<div class=\"elementor-element elementor-element-9184180 e-con-full e-flex e-con e-child\" data-id=\"9184180\" data-element_type=\"container\" data-e-type=\"container\">\n\t\t\t\t<div class=\"elementor-element elementor-element-ae50c9d elementor-widget elementor-widget-heading\" data-id=\"ae50c9d\" data-element_type=\"widget\" data-e-type=\"widget\" data-widget_type=\"heading.default\">\n\t\t\t\t<div class=\"elementor-widget-container\">\n\t\t\t\t\t<h2 class=\"elementor-heading-title elementor-size-default\">LUCAS ROCHA - TODOS OS DIREITOS RESERVADOS \u00a9 <\/h2>\t\t\t\t<\/div>\n\t\t\t\t<\/div>\n\t\t\t\t<\/div>\n\t\t<div class=\"elementor-element elementor-element-a6e73ee e-con-full e-flex e-con e-child\" data-id=\"a6e73ee\" data-element_type=\"container\" data-e-type=\"container\">\n\t\t\t\t<div class=\"elementor-element elementor-element-e948728 elementor-widget elementor-widget-heading\" data-id=\"e948728\" data-element_type=\"widget\" data-e-type=\"widget\" data-widget_type=\"heading.default\">\n\t\t\t\t<div class=\"elementor-widget-container\">\n\t\t\t\t\t<h2 class=\"elementor-heading-title elementor-size-default\">POL\u00cdTICA DE PRIVACIDADE - TERMOS DE USO<\/h2>\t\t\t\t<\/div>\n\t\t\t\t<\/div>\n\t\t\t\t<\/div>\n\t\t\t\t\t<\/div>\n\t\t\t\t<\/div>\n\t\t\t\t<\/div>\n\t\t","protected":false},"excerpt":{"rendered":"<p>Lorem ipsum dolor sit amet, consectetur adipiscing elit. Ut elit tellus, luctus nec ullamcorper mattis, pulvinar dapibus leo. ME INSCREVER Veja o que voc\u00ea vai aprender: Como criar um perfil de sucesso no instagram Lorem ipsum dolor sit amet, consectetur adipiscing elit. Proin a dolor id mauris vehicula tincidunt. Integer vel pellentesque felis, id bibendum [&hellip;]<\/p>\n","protected":false},"author":1,"featured_media":0,"parent":0,"menu_order":0,"comment_status":"closed","ping_status":"closed","template":"elementor_canvas","meta":{"footnotes":""},"class_list":["post-7","page","type-page","status-publish","hentry"],"_links":{"self":[{"href":"https:\/\/webvision360.com.br\/bombainsta\/index.php\/wp-json\/wp\/v2\/pages\/7","targetHints":{"allow":["GET"]}}],"collection":[{"href":"https:\/\/webvision360.com.br\/bombainsta\/index.php\/wp-json\/wp\/v2\/pages"}],"about":[{"href":"https:\/\/webvision360.com.br\/bombainsta\/index.php\/wp-json\/wp\/v2\/types\/page"}],"author":[{"embeddable":true,"href":"https:\/\/webvision360.com.br\/bombainsta\/index.php\/wp-json\/wp\/v2\/users\/1"}],"replies":[{"embeddable":true,"href":"https:\/\/webvision360.com.br\/bombainsta\/index.php\/wp-json\/wp\/v2\/comments?post=7"}],"version-history":[{"count":104,"href":"https:\/\/webvision360.com.br\/bombainsta\/index.php\/wp-json\/wp\/v2\/pages\/7\/revisions"}],"predecessor-version":[{"id":156,"href":"https:\/\/webvision360.com.br\/bombainsta\/index.php\/wp-json\/wp\/v2\/pages\/7\/revisions\/156"}],"wp:attachment":[{"href":"https:\/\/webvision360.com.br\/bombainsta\/index.php\/wp-json\/wp\/v2\/media?parent=7"}],"curies":[{"name":"wp","href":"https:\/\/api.w.org\/{rel}","templated":true}]}}